{"id":45862,"date":"2023-02-02T23:09:16","date_gmt":"2023-02-02T22:09:16","guid":{"rendered":"https:\/\/www.huskyzermatt.ch\/reserver-promenades-en-traineau-tire-par-des-huskies-au-pied-du-cervin\/"},"modified":"2026-02-16T02:30:04","modified_gmt":"2026-02-16T01:30:04","slug":"reserver","status":"publish","type":"page","link":"https:\/\/huskyzermatt.ch\/fr\/reserver\/","title":{"rendered":"R\u00e9server &#8211; Promenades en tra\u00eeneau tir\u00e9 par des huskies au pied du Cervin"},"content":{"rendered":"\n<style type=\"text\/css\" data-created_by=\"avia_inline_auto\" id=\"style-css-av-21mrv5j-5960f71c5b8b60f38dbdb570a642193d\">\n.avia-section.av-21mrv5j-5960f71c5b8b60f38dbdb570a642193d .av-parallax .av-parallax-inner{\nbackground-repeat:no-repeat;\nbackground-image:url(https:\/\/huskyzermatt.ch\/wp-content\/uploads\/2026\/02\/DSC_9826-scaled.jpg);\nbackground-position:50% 100%;\nbackground-attachment:scroll;\n}\n.avia-section.av-21mrv5j-5960f71c5b8b60f38dbdb570a642193d .av-section-color-overlay{\nopacity:0.2;\nbackground-color:#0a0a0a;\n}\n<\/style>\n<div id='av_section_1'  class='avia-section av-21mrv5j-5960f71c5b8b60f38dbdb570a642193d main_color avia-section-default avia-no-border-styling  avia-builder-el-0  el_before_av_section  avia-builder-el-first  sub-hero avia-full-stretch av-parallax-section avia-bg-style-parallax av-section-color-overlay-active av-minimum-height av-minimum-height-50 av-height-50  container_wrap fullsize'  data-section-bg-repeat='stretch' data-av_minimum_height_pc='50' data-av_min_height_opt='50'><div class='av-parallax' data-avia-parallax-ratio='0.3' ><div class='av-parallax-inner main_color avia-full-stretch'><\/div><\/div><div class=\"av-section-color-overlay-wrap\"><div class=\"av-section-color-overlay\"><\/div><div class='container av-section-cont-open' ><main  role=\"main\" itemprop=\"mainContentOfPage\"  class='template-page content  av-content-full alpha units'><div class='post-entry post-entry-type-page post-entry-45862'><div class='entry-content-wrapper clearfix'>\n\n<style type=\"text\/css\" data-created_by=\"avia_inline_auto\" id=\"style-css-av-207hddz-86b19dac82edeb92c15455adfa61f41a\">\n.flex_column.av-207hddz-86b19dac82edeb92c15455adfa61f41a{\nborder-radius:0px 0px 0px 0px;\npadding:0px 0px 0px 0px;\n}\n<\/style>\n<div  class='flex_column av-207hddz-86b19dac82edeb92c15455adfa61f41a av_two_fifth  avia-builder-el-1  el_before_av_three_fifth  avia-builder-el-first  sub-white-container first av-break-at-tablet flex_column_div av-animated-generic bottom-to-top av-zero-column-padding  '     ><style type=\"text\/css\" data-created_by=\"avia_inline_auto\" id=\"style-css-av-1y5srk7-53fe0b89cb67d262b64c2dc4441e52c8\">\n#top .av-special-heading.av-1y5srk7-53fe0b89cb67d262b64c2dc4441e52c8{\npadding-bottom:10px;\nfont-size:50px;\n}\nbody .av-special-heading.av-1y5srk7-53fe0b89cb67d262b64c2dc4441e52c8 .av-special-heading-tag .heading-char{\nfont-size:25px;\n}\n#top #wrap_all .av-special-heading.av-1y5srk7-53fe0b89cb67d262b64c2dc4441e52c8 .av-special-heading-tag{\nfont-size:50px;\n}\n.av-special-heading.av-1y5srk7-53fe0b89cb67d262b64c2dc4441e52c8 .av-subheading{\nfont-size:15px;\n}\n\n@media only screen and (min-width: 480px) and (max-width: 767px){ \n#top #wrap_all .av-special-heading.av-1y5srk7-53fe0b89cb67d262b64c2dc4441e52c8 .av-special-heading-tag{\nfont-size:20px;\n}\n}\n\n@media only screen and (max-width: 479px){ \n#top #wrap_all .av-special-heading.av-1y5srk7-53fe0b89cb67d262b64c2dc4441e52c8 .av-special-heading-tag{\nfont-size:20px;\n}\n}\n<\/style>\n<div  class='av-special-heading av-1y5srk7-53fe0b89cb67d262b64c2dc4441e52c8 av-special-heading-h1 blockquote modern-quote  avia-builder-el-2  avia-builder-el-no-sibling  av-inherit-size av-linked-heading'><h1 class='av-special-heading-tag '  itemprop=\"headline\"  >R\u00e9server<\/h1><div class=\"special-heading-border\"><div class=\"special-heading-inner-border\"><\/div><\/div><\/div><\/div>\n<style type=\"text\/css\" data-created_by=\"avia_inline_auto\" id=\"style-css-av-6veqcn-9ca01c9b86210eb53badc876c6d5957a\">\n.flex_column.av-6veqcn-9ca01c9b86210eb53badc876c6d5957a{\nborder-radius:0px 0px 0px 0px;\npadding:0px 0px 0px 0px;\n}\n<\/style>\n<div  class='flex_column av-6veqcn-9ca01c9b86210eb53badc876c6d5957a av_three_fifth  avia-builder-el-3  el_after_av_two_fifth  avia-builder-el-last  av-break-at-tablet flex_column_div av-zero-column-padding  '     ><\/div>\n\n<\/div><\/div><\/main><!-- close content main element --><\/div><\/div><\/div><div id='av_section_2'  class='avia-section av-1ula4x3-654ac36e5b3fb87e7b800caef62c40f3 main_color avia-section-huge avia-no-border-styling  avia-builder-el-4  el_after_av_section  el_before_av_section  avia-bg-style-scroll container_wrap fullsize'  ><div class='container av-section-cont-open' ><div class='template-page content  av-content-full alpha units'><div class='post-entry post-entry-type-page post-entry-45862'><div class='entry-content-wrapper clearfix'>\n\n<style type=\"text\/css\" data-created_by=\"avia_inline_auto\" id=\"style-css-av-1myo5uv-31536a55aaf387173dedba0893911e7e\">\n.flex_column.av-1myo5uv-31536a55aaf387173dedba0893911e7e{\nborder-radius:0px 0px 0px 0px;\npadding:0px 0px 0px 0px;\n}\n<\/style>\n<div  class='flex_column av-1myo5uv-31536a55aaf387173dedba0893911e7e av_one_full  avia-builder-el-5  avia-builder-el-no-sibling  first flex_column_div av-animated-generic left-to-right  '     ><\/div>\n\n<\/div><\/div><\/div><!-- close content main div --><\/div><\/div><div id='kontakt'  class='avia-section av-up6kqf-9dff6064ed69cb21334a915e138e24c0 main_color avia-section-huge avia-no-border-styling  avia-builder-el-7  el_after_av_section  avia-builder-el-last  mochten kontakt-section avia-bg-style-fixed container_wrap fullsize'  ><div class='container av-section-cont-open' ><div class='template-page content  av-content-full alpha units'><div class='post-entry post-entry-type-page post-entry-45862'><div class='entry-content-wrapper clearfix'>\n\n<style type=\"text\/css\" data-created_by=\"avia_inline_auto\" id=\"style-css-av-petnhj-0097d1c39e55bd5f00ebf32ceec2aa7d\">\n#top .flex_column.av-petnhj-0097d1c39e55bd5f00ebf32ceec2aa7d{\nmargin-top:0px;\nmargin-bottom:40px;\n}\n.flex_column.av-petnhj-0097d1c39e55bd5f00ebf32ceec2aa7d{\nborder-radius:0px 0px 0px 0px;\npadding:0px 0px 0px 0px;\n}\n.responsive #top #wrap_all .flex_column.av-petnhj-0097d1c39e55bd5f00ebf32ceec2aa7d{\nmargin-top:0px;\nmargin-bottom:40px;\n}\n<\/style>\n<div  class='flex_column av-petnhj-0097d1c39e55bd5f00ebf32ceec2aa7d av_one_full  avia-builder-el-8  el_before_av_one_full  avia-builder-el-first  first flex_column_div av-animated-generic left-to-right av-zero-column-padding  '     ><section  class='av_textblock_section av-krp9cu72-35ccf69b2f73ca7f1211f4e67d91e2c7 '   itemscope=\"itemscope\" itemtype=\"https:\/\/schema.org\/CreativeWork\" ><div class='avia_textblock'  itemprop=\"text\" ><section class=\"av_textblock_section \">\n<div class=\"avia_textblock \">\n<h1 dir=\"ltr\"><strong>Conditions de r\u00e9servation<\/strong><\/h1>\n<div dir=\"ltr\">\n<p dir=\"ltr\">Apr\u00e8s le paiement r\u00e9ussi de l&rsquo;offre, votre temps de r\u00e9servation \/ dur\u00e9e de r\u00e9servation est r\u00e9serv\u00e9.<\/p>\n<p dir=\"ltr\">Tu recevras une confirmation de r\u00e9servation par e-mail.<\/p>\n<p><strong>Offre : balade en tra\u00eeneau avec les huskies devant le Cervin<\/strong> <strong>un minimum de 8 participants par jour<\/strong> est n\u00e9cessaire pour que l&rsquo;offre soit r\u00e9alisable. Si le nombre de participants n&rsquo;est pas atteint, tu seras inform\u00e9 \u00e0 temps et le montant total te sera rembours\u00e9. En cas de mauvais temps ou si le domaine skiable est ferm\u00e9 en raison d&rsquo;un vent trop fort par exemple, nous te proposons une date de remplacement.<\/p>\n<p>Tous les frais bancaires sont \u00e0 la charge du client.<\/p>\n<p dir=\"ltr\"><strong>Annulation avant le d\u00e9but de l&rsquo;offre :<\/strong><\/p>\n<\/div>\n<\/div>\n<\/section>\n<\/div><\/section><br \/>\n<div class='avia-data-table-wrap av-nwhujb-0b4570c5f271b6fbc69ef72188dde6fb avia_responsive_table avia-table-1'><table  class='avia-table avia-data-table avia_pricing_default  avia-builder-el-10  el_after_av_textblock  el_before_av_textblock '  itemscope=\"itemscope\" itemtype=\"https:\/\/schema.org\/Table\" ><tbody><tr class=''><td class=''>jusqu&rsquo;\u00e0 60 jours avant la date<\/td><td class=''>80% de la valeur de la r\u00e9servation rembours\u00e9s<\/td><\/tr><tr class=''><td class=''>14 jours avant le d\u00e9but<\/td><td class=''>50%<\/td><\/tr><tr class=''><td class=''>6 jours avant le d\u00e9but<\/td><td class=''>20%<\/td><\/tr><tr class=''><td class=''>48 heures avant le d\u00e9but<\/td><td class=''>aucun remboursement ne sera effectu\u00e9.<\/td><\/tr><\/tbody><\/table><\/div><br \/>\n<section  class='av_textblock_section av-37vfo7-b85bea70778f86ab1c33c68d04318357 '   itemscope=\"itemscope\" itemtype=\"https:\/\/schema.org\/CreativeWork\" ><div class='avia_textblock'  itemprop=\"text\" ><div dir=\"ltr\">\n<div dir=\"ltr\">\n<p dir=\"ltr\">Des frais de traitement de 45 CHF sont per\u00e7us dans tous les cas. Les \u00e9ventuelles annulations doivent \u00eatre envoy\u00e9es par \u00e9crit (par lettre ou par e-mail). Nous te recommandons de souscrire une assurance annulation.<\/p>\n<\/div>\n<\/div>\n<div dir=\"ltr\"><\/div>\n<\/div><\/section><\/p><\/div>\n<style type=\"text\/css\" data-created_by=\"avia_inline_auto\" id=\"style-css-av-srmaev-71726dece0b9edf18bb9bfe908decad5\">\n.flex_column.av-srmaev-71726dece0b9edf18bb9bfe908decad5{\nborder-radius:0px 0px 0px 0px;\npadding:20px 0px 0px 0px;\n}\n<\/style>\n<div  class='flex_column av-srmaev-71726dece0b9edf18bb9bfe908decad5 av_one_full  avia-builder-el-12  el_after_av_one_full  avia-builder-el-last  first flex_column_div av-animated-generic left-to-right  column-top-margin'     ><p>\n<style type=\"text\/css\" data-created_by=\"avia_inline_auto\" id=\"style-css-av-rshaaf-aaad379f0411c503a5b9426d19c38467\">\n#top .av-special-heading.av-rshaaf-aaad379f0411c503a5b9426d19c38467{\npadding-bottom:10px;\nfont-size:40px;\n}\nbody .av-special-heading.av-rshaaf-aaad379f0411c503a5b9426d19c38467 .av-special-heading-tag .heading-char{\nfont-size:25px;\n}\n#top #wrap_all .av-special-heading.av-rshaaf-aaad379f0411c503a5b9426d19c38467 .av-special-heading-tag{\nfont-size:40px;\n}\n.av-special-heading.av-rshaaf-aaad379f0411c503a5b9426d19c38467 .av-subheading{\nfont-size:15px;\n}\n\n@media only screen and (min-width: 480px) and (max-width: 767px){ \n#top #wrap_all .av-special-heading.av-rshaaf-aaad379f0411c503a5b9426d19c38467 .av-special-heading-tag{\nfont-size:20px;\n}\n}\n\n@media only screen and (max-width: 479px){ \n#top #wrap_all .av-special-heading.av-rshaaf-aaad379f0411c503a5b9426d19c38467 .av-special-heading-tag{\nfont-size:20px;\n}\n}\n<\/style>\n<div  class='av-special-heading av-rshaaf-aaad379f0411c503a5b9426d19c38467 av-special-heading-h1 blockquote modern-quote modern-centered  avia-builder-el-13  el_before_av_button  avia-builder-el-first  av-inherit-size av-linked-heading'><h1 class='av-special-heading-tag '  itemprop=\"headline\"  >Tu souhaites recevoir une offre personnalis\u00e9e ?<\/h1><div class=\"special-heading-border\"><div class=\"special-heading-inner-border\"><\/div><\/div><\/div><br \/>\n<div  class='avia-button-wrap av-krp99z4g-e5379dc3b915ac48eccccb6651784f26-wrap avia-button-center  avia-builder-el-14  el_after_av_heading  avia-builder-el-last '><a href='https:\/\/huskyzermatt.ch\/fr\/reserver\/'  class='avia-button av-krp99z4g-e5379dc3b915ac48eccccb6651784f26 av-link-btn avia-icon_select-no avia-size-x-large avia-position-center avia-color-theme-color'   aria-label=\"Contactez-nous maintenant\"><span class='avia_iconbox_title' >Contactez-nous maintenant<\/span><\/a><\/div><\/p><\/div>\n\n","protected":false},"excerpt":{"rendered":"","protected":false},"author":3,"featured_media":0,"parent":0,"menu_order":0,"comment_status":"closed","ping_status":"closed","template":"","meta":{"footnotes":""},"class_list":["post-45862","page","type-page","status-publish","hentry"],"yoast_head":"<!-- This site is optimized with the Yoast SEO plugin v27.3 - https:\/\/yoast.com\/product\/yoast-seo-wordpress\/ -->\n<title>Promenades en tra\u00eeneau tir\u00e9 par des huskies au pied du Cervin - R\u00e9server maintenant<\/title>\n<meta name=\"description\" content=\"R\u00e9serve une exp\u00e9rience inoubliable juste devant le Cervin : faire connaissance, caresser et faire de la luge avec des huskies !\" \/>\n<meta name=\"robots\" content=\"index, follow, max-snippet:-1, max-image-preview:large, max-video-preview:-1\" \/>\n<link rel=\"canonical\" href=\"https:\/\/huskyzermatt.ch\/fr\/reserver\/\" \/>\n<meta property=\"og:locale\" content=\"fr_FR\" \/>\n<meta property=\"og:type\" content=\"article\" \/>\n<meta property=\"og:title\" content=\"Promenades en tra\u00eeneau tir\u00e9 par des huskies au pied du Cervin - R\u00e9server maintenant\" \/>\n<meta property=\"og:description\" content=\"R\u00e9serve une exp\u00e9rience inoubliable juste devant le Cervin : faire connaissance, caresser et faire de la luge avec des huskies !\" \/>\n<meta property=\"og:url\" content=\"https:\/\/huskyzermatt.ch\/fr\/reserver\/\" \/>\n<meta property=\"og:site_name\" content=\"Husky Zermatt\" \/>\n<meta property=\"article:publisher\" content=\"https:\/\/www.facebook.com\/huskyzermatt\" \/>\n<meta property=\"article:modified_time\" content=\"2026-02-16T01:30:04+00:00\" \/>\n<meta name=\"twitter:card\" content=\"summary_large_image\" \/>\n<meta name=\"twitter:label1\" content=\"Dur\u00e9e de lecture estim\u00e9e\" \/>\n\t<meta name=\"twitter:data1\" content=\"2 minutes\" \/>\n<script type=\"application\/ld+json\" class=\"yoast-schema-graph\">{\"@context\":\"https:\\\/\\\/schema.org\",\"@graph\":[{\"@type\":\"WebPage\",\"@id\":\"https:\\\/\\\/huskyzermatt.ch\\\/fr\\\/reserver\\\/\",\"url\":\"https:\\\/\\\/huskyzermatt.ch\\\/fr\\\/reserver\\\/\",\"name\":\"Promenades en tra\u00eeneau tir\u00e9 par des huskies au pied du Cervin - R\u00e9server maintenant\",\"isPartOf\":{\"@id\":\"https:\\\/\\\/huskyzermatt.ch\\\/fr\\\/#website\"},\"datePublished\":\"2023-02-02T22:09:16+00:00\",\"dateModified\":\"2026-02-16T01:30:04+00:00\",\"description\":\"R\u00e9serve une exp\u00e9rience inoubliable juste devant le Cervin : faire connaissance, caresser et faire de la luge avec des huskies !\",\"breadcrumb\":{\"@id\":\"https:\\\/\\\/huskyzermatt.ch\\\/fr\\\/reserver\\\/#breadcrumb\"},\"inLanguage\":\"fr-FR\",\"potentialAction\":[{\"@type\":\"ReadAction\",\"target\":[\"https:\\\/\\\/huskyzermatt.ch\\\/fr\\\/reserver\\\/\"]}]},{\"@type\":\"BreadcrumbList\",\"@id\":\"https:\\\/\\\/huskyzermatt.ch\\\/fr\\\/reserver\\\/#breadcrumb\",\"itemListElement\":[{\"@type\":\"ListItem\",\"position\":1,\"name\":\"Home\",\"item\":\"https:\\\/\\\/huskyzermatt.ch\\\/fr\\\/\"},{\"@type\":\"ListItem\",\"position\":2,\"name\":\"R\u00e9server &#8211; Promenades en tra\u00eeneau tir\u00e9 par des huskies au pied du Cervin\"}]},{\"@type\":\"WebSite\",\"@id\":\"https:\\\/\\\/huskyzermatt.ch\\\/fr\\\/#website\",\"url\":\"https:\\\/\\\/huskyzermatt.ch\\\/fr\\\/\",\"name\":\"Husky Zermatt\",\"description\":\"\",\"publisher\":{\"@id\":\"https:\\\/\\\/huskyzermatt.ch\\\/fr\\\/#organization\"},\"potentialAction\":[{\"@type\":\"SearchAction\",\"target\":{\"@type\":\"EntryPoint\",\"urlTemplate\":\"https:\\\/\\\/huskyzermatt.ch\\\/fr\\\/?s={search_term_string}\"},\"query-input\":{\"@type\":\"PropertyValueSpecification\",\"valueRequired\":true,\"valueName\":\"search_term_string\"}}],\"inLanguage\":\"fr-FR\"},{\"@type\":\"Organization\",\"@id\":\"https:\\\/\\\/huskyzermatt.ch\\\/fr\\\/#organization\",\"name\":\"Husky Zermatt\",\"url\":\"https:\\\/\\\/huskyzermatt.ch\\\/fr\\\/\",\"logo\":{\"@type\":\"ImageObject\",\"inLanguage\":\"fr-FR\",\"@id\":\"https:\\\/\\\/huskyzermatt.ch\\\/fr\\\/#\\\/schema\\\/logo\\\/image\\\/\",\"url\":\"https:\\\/\\\/i0.wp.com\\\/huskyzermatt.ch\\\/wp-content\\\/uploads\\\/2019\\\/06\\\/husky-notransparent.jpg?fit=813%2C813&ssl=1\",\"contentUrl\":\"https:\\\/\\\/i0.wp.com\\\/huskyzermatt.ch\\\/wp-content\\\/uploads\\\/2019\\\/06\\\/husky-notransparent.jpg?fit=813%2C813&ssl=1\",\"width\":813,\"height\":813,\"caption\":\"Husky Zermatt\"},\"image\":{\"@id\":\"https:\\\/\\\/huskyzermatt.ch\\\/fr\\\/#\\\/schema\\\/logo\\\/image\\\/\"},\"sameAs\":[\"https:\\\/\\\/www.facebook.com\\\/huskyzermatt\",\"https:\\\/\\\/www.instagram.com\\\/huskyzermatt\\\/\"]}]}<\/script>\n<!-- \/ Yoast SEO plugin. -->","yoast_head_json":{"title":"Promenades en tra\u00eeneau tir\u00e9 par des huskies au pied du Cervin - R\u00e9server maintenant","description":"R\u00e9serve une exp\u00e9rience inoubliable juste devant le Cervin : faire connaissance, caresser et faire de la luge avec des huskies !","robots":{"index":"index","follow":"follow","max-snippet":"max-snippet:-1","max-image-preview":"max-image-preview:large","max-video-preview":"max-video-preview:-1"},"canonical":"https:\/\/huskyzermatt.ch\/fr\/reserver\/","og_locale":"fr_FR","og_type":"article","og_title":"Promenades en tra\u00eeneau tir\u00e9 par des huskies au pied du Cervin - R\u00e9server maintenant","og_description":"R\u00e9serve une exp\u00e9rience inoubliable juste devant le Cervin : faire connaissance, caresser et faire de la luge avec des huskies !","og_url":"https:\/\/huskyzermatt.ch\/fr\/reserver\/","og_site_name":"Husky Zermatt","article_publisher":"https:\/\/www.facebook.com\/huskyzermatt","article_modified_time":"2026-02-16T01:30:04+00:00","twitter_card":"summary_large_image","twitter_misc":{"Dur\u00e9e de lecture estim\u00e9e":"2 minutes"},"schema":{"@context":"https:\/\/schema.org","@graph":[{"@type":"WebPage","@id":"https:\/\/huskyzermatt.ch\/fr\/reserver\/","url":"https:\/\/huskyzermatt.ch\/fr\/reserver\/","name":"Promenades en tra\u00eeneau tir\u00e9 par des huskies au pied du Cervin - R\u00e9server maintenant","isPartOf":{"@id":"https:\/\/huskyzermatt.ch\/fr\/#website"},"datePublished":"2023-02-02T22:09:16+00:00","dateModified":"2026-02-16T01:30:04+00:00","description":"R\u00e9serve une exp\u00e9rience inoubliable juste devant le Cervin : faire connaissance, caresser et faire de la luge avec des huskies !","breadcrumb":{"@id":"https:\/\/huskyzermatt.ch\/fr\/reserver\/#breadcrumb"},"inLanguage":"fr-FR","potentialAction":[{"@type":"ReadAction","target":["https:\/\/huskyzermatt.ch\/fr\/reserver\/"]}]},{"@type":"BreadcrumbList","@id":"https:\/\/huskyzermatt.ch\/fr\/reserver\/#breadcrumb","itemListElement":[{"@type":"ListItem","position":1,"name":"Home","item":"https:\/\/huskyzermatt.ch\/fr\/"},{"@type":"ListItem","position":2,"name":"R\u00e9server &#8211; Promenades en tra\u00eeneau tir\u00e9 par des huskies au pied du Cervin"}]},{"@type":"WebSite","@id":"https:\/\/huskyzermatt.ch\/fr\/#website","url":"https:\/\/huskyzermatt.ch\/fr\/","name":"Husky Zermatt","description":"","publisher":{"@id":"https:\/\/huskyzermatt.ch\/fr\/#organization"},"potentialAction":[{"@type":"SearchAction","target":{"@type":"EntryPoint","urlTemplate":"https:\/\/huskyzermatt.ch\/fr\/?s={search_term_string}"},"query-input":{"@type":"PropertyValueSpecification","valueRequired":true,"valueName":"search_term_string"}}],"inLanguage":"fr-FR"},{"@type":"Organization","@id":"https:\/\/huskyzermatt.ch\/fr\/#organization","name":"Husky Zermatt","url":"https:\/\/huskyzermatt.ch\/fr\/","logo":{"@type":"ImageObject","inLanguage":"fr-FR","@id":"https:\/\/huskyzermatt.ch\/fr\/#\/schema\/logo\/image\/","url":"https:\/\/i0.wp.com\/huskyzermatt.ch\/wp-content\/uploads\/2019\/06\/husky-notransparent.jpg?fit=813%2C813&ssl=1","contentUrl":"https:\/\/i0.wp.com\/huskyzermatt.ch\/wp-content\/uploads\/2019\/06\/husky-notransparent.jpg?fit=813%2C813&ssl=1","width":813,"height":813,"caption":"Husky Zermatt"},"image":{"@id":"https:\/\/huskyzermatt.ch\/fr\/#\/schema\/logo\/image\/"},"sameAs":["https:\/\/www.facebook.com\/huskyzermatt","https:\/\/www.instagram.com\/huskyzermatt\/"]}]}},"_links":{"self":[{"href":"https:\/\/huskyzermatt.ch\/fr\/wp-json\/wp\/v2\/pages\/45862","targetHints":{"allow":["GET"]}}],"collection":[{"href":"https:\/\/huskyzermatt.ch\/fr\/wp-json\/wp\/v2\/pages"}],"about":[{"href":"https:\/\/huskyzermatt.ch\/fr\/wp-json\/wp\/v2\/types\/page"}],"author":[{"embeddable":true,"href":"https:\/\/huskyzermatt.ch\/fr\/wp-json\/wp\/v2\/users\/3"}],"replies":[{"embeddable":true,"href":"https:\/\/huskyzermatt.ch\/fr\/wp-json\/wp\/v2\/comments?post=45862"}],"version-history":[{"count":6,"href":"https:\/\/huskyzermatt.ch\/fr\/wp-json\/wp\/v2\/pages\/45862\/revisions"}],"predecessor-version":[{"id":94516,"href":"https:\/\/huskyzermatt.ch\/fr\/wp-json\/wp\/v2\/pages\/45862\/revisions\/94516"}],"wp:attachment":[{"href":"https:\/\/huskyzermatt.ch\/fr\/wp-json\/wp\/v2\/media?parent=45862"}],"curies":[{"name":"wp","href":"https:\/\/api.w.org\/{rel}","templated":true}]}}