{"id":4847,"date":"2021-10-18T16:25:08","date_gmt":"2021-10-18T14:25:08","guid":{"rendered":"https:\/\/www.huskyzermatt.ch\/?post_type=product&#038;p=4847"},"modified":"2024-12-16T15:41:48","modified_gmt":"2024-12-16T14:41:48","slug":"randonnee-avec-le-husky-a-zermatt","status":"publish","type":"product","link":"https:\/\/huskyzermatt.ch\/fr\/produkt\/randonnee-avec-le-husky-a-zermatt\/","title":{"rendered":"Randonn\u00e9e avec le husky \u00e0 Zermatt"},"content":{"rendered":"<h5>G\u00e9n\u00e9ral<\/h5>\n<ul>\n<li>Meilleur prix garanti<\/li>\n<li>Tous les prix incluent la TVA.<\/li>\n<li><strong>Exp\u00e9rience l\u00e9g\u00e8re de la randonn\u00e9e requise<\/strong><\/li>\n<li>Pour 4-10 personnes<\/li>\n<li>Les enfants de 12 \u00e0 16 ans paient un suppl\u00e9ment de 160 CHF par enfant pour pouvoir participer.<\/li>\n<li><strong>Les enfants de moins de 12 ans ne peuvent pas participer.<\/strong><\/li>\n<li>Le billet pour les chemins de fer de montagne n\u2019est pas inclus.<\/li>\n<li>La veille, tu re\u00e7ois un briefing actualis\u00e9 sur l&rsquo;\u00e9v\u00e9nement Husky r\u00e9serv\u00e9 par SMS ou WhatsApp (message texte).<\/li>\n<\/ul>\n<h5>\u00c9v\u00e9nement<\/h5>\n<p>L\u2019\u00e9v\u00e9nement dure deux heures, en fonction du choix de l\u2019heure de r\u00e9servation.<\/p>\n<h5>Point de rendez-vous<\/h5>\n<p>Le point de rencontre est au <span style=\"color: #008000\"><a style=\"color: #008000\" href=\"https:\/\/www.google.com\/maps\/place\/Zermatt,+ZenStecken\/@46.0152171,7.7416367,20.36z\/data=!4m13!1m7!3m6!1s0x478f35a2292ee5cd:0x400ff8840196f70!2s3920+Zermatt!3b1!8m2!3d46.0207133!4d7.749117!3m4!1s0x478f35dae76db4bf:0xeaf7a814d89e16a7!8m2!3d46.015324!4d7.741853\">Arr\u00eat de bus Zermatt ZenStecken<\/a><\/span> \u00e0 09h30.<\/p>\n<h5>Assurance<\/h5>\n<p>L\u2019assurance est \u00e0 la charge des participants. Nous vous recommandons de souscrire une assurance accident et une assurance annulation de voyage.<\/p>\n<p>&nbsp;<\/p>\n<p><a href=\"https:\/\/huskyzermatt.ch\/fr\/offres\/\">Toutes les informations sur le produit<\/a><\/p>\n","protected":false},"excerpt":{"rendered":"<p>S\u00e9lectionne le nombre de participants et la date pour choisir la p\u00e9riode de r\u00e9servation.<\/p>\n<p><strong>Aper\u00e7u des prix :<\/strong><\/p>\n<ul>\n<li>Prix pour une personne : <strong>CHF 265.-<\/strong><\/li>\n<li>Prix pour un enfant de 12 \u00e0 16 ans : <strong>CHF 160.-<\/strong><\/li>\n<li><strong>Les enfants de moins de 12 ans ne peuvent pas participer<\/strong><\/li>\n<\/ul>\n","protected":false},"featured_media":18767,"template":"","meta":[],"product_brand":[],"product_cat":[47,40],"product_tag":[],"class_list":{"0":"post-4847","1":"product","2":"type-product","3":"status-publish","4":"has-post-thumbnail","6":"product_cat-hiking-fr","7":"product_cat-husky-zermatt-fr","9":"first","10":"instock","11":"virtual","12":"sold-individually","13":"taxable","14":"purchasable","15":"product-type-booking"},"booking_location":"","booking_location_type":"","booking_duration":1,"booking_duration_unit":"day","booking_buffer":0,"booking_cost":0,"booking_resources":[],"yoast_head":"<!-- This site is optimized with the Yoast SEO plugin v27.3 - https:\/\/yoast.com\/product\/yoast-seo-wordpress\/ -->\n<title>Randonn\u00e9e avec le husky \u00e0 Zermatt - Husky Zermatt<\/title>\n<meta name=\"robots\" content=\"index, follow, max-snippet:-1, max-image-preview:large, max-video-preview:-1\" \/>\n<link rel=\"canonical\" href=\"https:\/\/huskyzermatt.ch\/fr\/produkt\/randonnee-avec-le-husky-a-zermatt\/\" \/>\n<meta property=\"og:locale\" content=\"fr_FR\" \/>\n<meta property=\"og:type\" content=\"article\" \/>\n<meta property=\"og:title\" content=\"Randonn\u00e9e avec le husky \u00e0 Zermatt - Husky Zermatt\" \/>\n<meta property=\"og:description\" content=\"S\u00e9lectionne le nombre de participants et la date pour choisir la p\u00e9riode de r\u00e9servation.  Aper\u00e7u des prix :   Prix pour une personne : CHF 265.-  Prix pour un enfant de 12 \u00e0 16 ans : CHF 160.-  Les enfants de moins de 12 ans ne peuvent pas participer\" \/>\n<meta property=\"og:url\" content=\"https:\/\/huskyzermatt.ch\/fr\/produkt\/randonnee-avec-le-husky-a-zermatt\/\" \/>\n<meta property=\"og:site_name\" content=\"Husky Zermatt\" \/>\n<meta property=\"article:publisher\" content=\"https:\/\/www.facebook.com\/huskyzermatt\" \/>\n<meta property=\"article:modified_time\" content=\"2024-12-16T14:41:48+00:00\" \/>\n<meta property=\"og:image\" content=\"https:\/\/huskyzermatt.ch\/wp-content\/uploads\/2022\/02\/DSC_0009_smaller-1030x687.png\" \/>\n\t<meta property=\"og:image:width\" content=\"1030\" \/>\n\t<meta property=\"og:image:height\" content=\"687\" \/>\n\t<meta property=\"og:image:type\" content=\"image\/png\" \/>\n<meta name=\"twitter:card\" content=\"summary_large_image\" \/>\n<meta name=\"twitter:label1\" content=\"Dur\u00e9e de lecture estim\u00e9e\" \/>\n\t<meta name=\"twitter:data1\" content=\"1 minute\" \/>\n<script type=\"application\/ld+json\" class=\"yoast-schema-graph\">{\"@context\":\"https:\\\/\\\/schema.org\",\"@graph\":[{\"@type\":\"WebPage\",\"@id\":\"https:\\\/\\\/huskyzermatt.ch\\\/fr\\\/produkt\\\/randonnee-avec-le-husky-a-zermatt\\\/\",\"url\":\"https:\\\/\\\/huskyzermatt.ch\\\/fr\\\/produkt\\\/randonnee-avec-le-husky-a-zermatt\\\/\",\"name\":\"Randonn\u00e9e avec le husky \u00e0 Zermatt - Husky Zermatt\",\"isPartOf\":{\"@id\":\"https:\\\/\\\/huskyzermatt.ch\\\/fr\\\/#website\"},\"primaryImageOfPage\":{\"@id\":\"https:\\\/\\\/huskyzermatt.ch\\\/fr\\\/produkt\\\/randonnee-avec-le-husky-a-zermatt\\\/#primaryimage\"},\"image\":{\"@id\":\"https:\\\/\\\/huskyzermatt.ch\\\/fr\\\/produkt\\\/randonnee-avec-le-husky-a-zermatt\\\/#primaryimage\"},\"thumbnailUrl\":\"https:\\\/\\\/huskyzermatt.ch\\\/wp-content\\\/uploads\\\/2022\\\/02\\\/DSC_0009_smaller.png\",\"datePublished\":\"2021-10-18T14:25:08+00:00\",\"dateModified\":\"2024-12-16T14:41:48+00:00\",\"breadcrumb\":{\"@id\":\"https:\\\/\\\/huskyzermatt.ch\\\/fr\\\/produkt\\\/randonnee-avec-le-husky-a-zermatt\\\/#breadcrumb\"},\"inLanguage\":\"fr-FR\",\"potentialAction\":[{\"@type\":\"ReadAction\",\"target\":[\"https:\\\/\\\/huskyzermatt.ch\\\/fr\\\/produkt\\\/randonnee-avec-le-husky-a-zermatt\\\/\"]}]},{\"@type\":\"ImageObject\",\"inLanguage\":\"fr-FR\",\"@id\":\"https:\\\/\\\/huskyzermatt.ch\\\/fr\\\/produkt\\\/randonnee-avec-le-husky-a-zermatt\\\/#primaryimage\",\"url\":\"https:\\\/\\\/huskyzermatt.ch\\\/wp-content\\\/uploads\\\/2022\\\/02\\\/DSC_0009_smaller.png\",\"contentUrl\":\"https:\\\/\\\/huskyzermatt.ch\\\/wp-content\\\/uploads\\\/2022\\\/02\\\/DSC_0009_smaller.png\",\"width\":2400,\"height\":1600},{\"@type\":\"BreadcrumbList\",\"@id\":\"https:\\\/\\\/huskyzermatt.ch\\\/fr\\\/produkt\\\/randonnee-avec-le-husky-a-zermatt\\\/#breadcrumb\",\"itemListElement\":[{\"@type\":\"ListItem\",\"position\":1,\"name\":\"Home\",\"item\":\"https:\\\/\\\/huskyzermatt.ch\\\/fr\\\/\"},{\"@type\":\"ListItem\",\"position\":2,\"name\":\"R\u00e9servations et disponibilit\u00e9s\",\"item\":\"https:\\\/\\\/huskyzermatt.ch\\\/buchung\\\/\"},{\"@type\":\"ListItem\",\"position\":3,\"name\":\"Randonn\u00e9e avec le husky \u00e0 Zermatt\"}]},{\"@type\":\"WebSite\",\"@id\":\"https:\\\/\\\/huskyzermatt.ch\\\/fr\\\/#website\",\"url\":\"https:\\\/\\\/huskyzermatt.ch\\\/fr\\\/\",\"name\":\"Husky Zermatt\",\"description\":\"\",\"publisher\":{\"@id\":\"https:\\\/\\\/huskyzermatt.ch\\\/fr\\\/#organization\"},\"potentialAction\":[{\"@type\":\"SearchAction\",\"target\":{\"@type\":\"EntryPoint\",\"urlTemplate\":\"https:\\\/\\\/huskyzermatt.ch\\\/fr\\\/?s={search_term_string}\"},\"query-input\":{\"@type\":\"PropertyValueSpecification\",\"valueRequired\":true,\"valueName\":\"search_term_string\"}}],\"inLanguage\":\"fr-FR\"},{\"@type\":\"Organization\",\"@id\":\"https:\\\/\\\/huskyzermatt.ch\\\/fr\\\/#organization\",\"name\":\"Husky Zermatt\",\"url\":\"https:\\\/\\\/huskyzermatt.ch\\\/fr\\\/\",\"logo\":{\"@type\":\"ImageObject\",\"inLanguage\":\"fr-FR\",\"@id\":\"https:\\\/\\\/huskyzermatt.ch\\\/fr\\\/#\\\/schema\\\/logo\\\/image\\\/\",\"url\":\"https:\\\/\\\/i0.wp.com\\\/huskyzermatt.ch\\\/wp-content\\\/uploads\\\/2019\\\/06\\\/husky-notransparent.jpg?fit=813%2C813&ssl=1\",\"contentUrl\":\"https:\\\/\\\/i0.wp.com\\\/huskyzermatt.ch\\\/wp-content\\\/uploads\\\/2019\\\/06\\\/husky-notransparent.jpg?fit=813%2C813&ssl=1\",\"width\":813,\"height\":813,\"caption\":\"Husky Zermatt\"},\"image\":{\"@id\":\"https:\\\/\\\/huskyzermatt.ch\\\/fr\\\/#\\\/schema\\\/logo\\\/image\\\/\"},\"sameAs\":[\"https:\\\/\\\/www.facebook.com\\\/huskyzermatt\",\"https:\\\/\\\/www.instagram.com\\\/huskyzermatt\\\/\"]}]}<\/script>\n<!-- \/ Yoast SEO plugin. -->","yoast_head_json":{"title":"Randonn\u00e9e avec le husky \u00e0 Zermatt - Husky Zermatt","robots":{"index":"index","follow":"follow","max-snippet":"max-snippet:-1","max-image-preview":"max-image-preview:large","max-video-preview":"max-video-preview:-1"},"canonical":"https:\/\/huskyzermatt.ch\/fr\/produkt\/randonnee-avec-le-husky-a-zermatt\/","og_locale":"fr_FR","og_type":"article","og_title":"Randonn\u00e9e avec le husky \u00e0 Zermatt - Husky Zermatt","og_description":"S\u00e9lectionne le nombre de participants et la date pour choisir la p\u00e9riode de r\u00e9servation.  Aper\u00e7u des prix :   Prix pour une personne : CHF 265.-  Prix pour un enfant de 12 \u00e0 16 ans : CHF 160.-  Les enfants de moins de 12 ans ne peuvent pas participer","og_url":"https:\/\/huskyzermatt.ch\/fr\/produkt\/randonnee-avec-le-husky-a-zermatt\/","og_site_name":"Husky Zermatt","article_publisher":"https:\/\/www.facebook.com\/huskyzermatt","article_modified_time":"2024-12-16T14:41:48+00:00","og_image":[{"width":1030,"height":687,"url":"https:\/\/huskyzermatt.ch\/wp-content\/uploads\/2022\/02\/DSC_0009_smaller-1030x687.png","type":"image\/png"}],"twitter_card":"summary_large_image","twitter_misc":{"Dur\u00e9e de lecture estim\u00e9e":"1 minute"},"schema":{"@context":"https:\/\/schema.org","@graph":[{"@type":"WebPage","@id":"https:\/\/huskyzermatt.ch\/fr\/produkt\/randonnee-avec-le-husky-a-zermatt\/","url":"https:\/\/huskyzermatt.ch\/fr\/produkt\/randonnee-avec-le-husky-a-zermatt\/","name":"Randonn\u00e9e avec le husky \u00e0 Zermatt - Husky Zermatt","isPartOf":{"@id":"https:\/\/huskyzermatt.ch\/fr\/#website"},"primaryImageOfPage":{"@id":"https:\/\/huskyzermatt.ch\/fr\/produkt\/randonnee-avec-le-husky-a-zermatt\/#primaryimage"},"image":{"@id":"https:\/\/huskyzermatt.ch\/fr\/produkt\/randonnee-avec-le-husky-a-zermatt\/#primaryimage"},"thumbnailUrl":"https:\/\/huskyzermatt.ch\/wp-content\/uploads\/2022\/02\/DSC_0009_smaller.png","datePublished":"2021-10-18T14:25:08+00:00","dateModified":"2024-12-16T14:41:48+00:00","breadcrumb":{"@id":"https:\/\/huskyzermatt.ch\/fr\/produkt\/randonnee-avec-le-husky-a-zermatt\/#breadcrumb"},"inLanguage":"fr-FR","potentialAction":[{"@type":"ReadAction","target":["https:\/\/huskyzermatt.ch\/fr\/produkt\/randonnee-avec-le-husky-a-zermatt\/"]}]},{"@type":"ImageObject","inLanguage":"fr-FR","@id":"https:\/\/huskyzermatt.ch\/fr\/produkt\/randonnee-avec-le-husky-a-zermatt\/#primaryimage","url":"https:\/\/huskyzermatt.ch\/wp-content\/uploads\/2022\/02\/DSC_0009_smaller.png","contentUrl":"https:\/\/huskyzermatt.ch\/wp-content\/uploads\/2022\/02\/DSC_0009_smaller.png","width":2400,"height":1600},{"@type":"BreadcrumbList","@id":"https:\/\/huskyzermatt.ch\/fr\/produkt\/randonnee-avec-le-husky-a-zermatt\/#breadcrumb","itemListElement":[{"@type":"ListItem","position":1,"name":"Home","item":"https:\/\/huskyzermatt.ch\/fr\/"},{"@type":"ListItem","position":2,"name":"R\u00e9servations et disponibilit\u00e9s","item":"https:\/\/huskyzermatt.ch\/buchung\/"},{"@type":"ListItem","position":3,"name":"Randonn\u00e9e avec le husky \u00e0 Zermatt"}]},{"@type":"WebSite","@id":"https:\/\/huskyzermatt.ch\/fr\/#website","url":"https:\/\/huskyzermatt.ch\/fr\/","name":"Husky Zermatt","description":"","publisher":{"@id":"https:\/\/huskyzermatt.ch\/fr\/#organization"},"potentialAction":[{"@type":"SearchAction","target":{"@type":"EntryPoint","urlTemplate":"https:\/\/huskyzermatt.ch\/fr\/?s={search_term_string}"},"query-input":{"@type":"PropertyValueSpecification","valueRequired":true,"valueName":"search_term_string"}}],"inLanguage":"fr-FR"},{"@type":"Organization","@id":"https:\/\/huskyzermatt.ch\/fr\/#organization","name":"Husky Zermatt","url":"https:\/\/huskyzermatt.ch\/fr\/","logo":{"@type":"ImageObject","inLanguage":"fr-FR","@id":"https:\/\/huskyzermatt.ch\/fr\/#\/schema\/logo\/image\/","url":"https:\/\/i0.wp.com\/huskyzermatt.ch\/wp-content\/uploads\/2019\/06\/husky-notransparent.jpg?fit=813%2C813&ssl=1","contentUrl":"https:\/\/i0.wp.com\/huskyzermatt.ch\/wp-content\/uploads\/2019\/06\/husky-notransparent.jpg?fit=813%2C813&ssl=1","width":813,"height":813,"caption":"Husky Zermatt"},"image":{"@id":"https:\/\/huskyzermatt.ch\/fr\/#\/schema\/logo\/image\/"},"sameAs":["https:\/\/www.facebook.com\/huskyzermatt","https:\/\/www.instagram.com\/huskyzermatt\/"]}]}},"_links":{"self":[{"href":"https:\/\/huskyzermatt.ch\/fr\/wp-json\/wp\/v2\/product\/4847","targetHints":{"allow":["GET"]}}],"collection":[{"href":"https:\/\/huskyzermatt.ch\/fr\/wp-json\/wp\/v2\/product"}],"about":[{"href":"https:\/\/huskyzermatt.ch\/fr\/wp-json\/wp\/v2\/types\/product"}],"wp:featuredmedia":[{"embeddable":true,"href":"https:\/\/huskyzermatt.ch\/fr\/wp-json\/wp\/v2\/media\/18767"}],"wp:attachment":[{"href":"https:\/\/huskyzermatt.ch\/fr\/wp-json\/wp\/v2\/media?parent=4847"}],"wp:term":[{"taxonomy":"product_brand","embeddable":true,"href":"https:\/\/huskyzermatt.ch\/fr\/wp-json\/wp\/v2\/product_brand?post=4847"},{"taxonomy":"product_cat","embeddable":true,"href":"https:\/\/huskyzermatt.ch\/fr\/wp-json\/wp\/v2\/product_cat?post=4847"},{"taxonomy":"product_tag","embeddable":true,"href":"https:\/\/huskyzermatt.ch\/fr\/wp-json\/wp\/v2\/product_tag?post=4847"}],"curies":[{"name":"wp","href":"https:\/\/api.w.org\/{rel}","templated":true}]}}