{"id":50765,"date":"2021-07-22T02:17:19","date_gmt":"2021-07-22T00:17:19","guid":{"rendered":"https:\/\/www.huskyzermatt.ch\/?post_type=product&#038;p=50765"},"modified":"2026-03-25T18:12:06","modified_gmt":"2026-03-25T17:12:06","slug":"balades-en-traineau-husky-au-pied-du-cervin","status":"publish","type":"product","link":"https:\/\/huskyzermatt.ch\/fr\/produkt\/balades-en-traineau-husky-au-pied-du-cervin\/","title":{"rendered":"Promenades en tra\u00eeneau Husky au pied du Cervin"},"content":{"rendered":"<section  class='av_textblock_section av-mj2pojzu-6fc1a19c0497d80fb49df99fd16f577d '   itemscope=\"itemscope\" itemtype=\"https:\/\/schema.org\/CreativeWork\" ><div class='avia_textblock'  itemprop=\"text\" ><ul>\n<li><strong>Meilleur prix garanti<\/strong><\/li>\n<li><strong>Le billet pour le t\u00e9l\u00e9cabine n&rsquo;est pas compris.<\/strong> <strong>Itin\u00e9raire : Zermatt \u00e0 Trockener Steg aller-retour.<\/strong> <strong>Ce billet peut \u00eatre r\u00e9serv\u00e9 en ligne. <\/strong><strong><span style=\"color: #339966\"><a style=\"color: #339966\" href=\"https:\/\/www.matterhornparadise.ch\/de\/Buchen\/Online-Tickets\/Einzelfahrten-Trockener-Steg\" target=\"_blank\" rel=\"noopener\">Billet de t\u00e9l\u00e9ph\u00e9rique<\/a><\/span><\/strong><\/li>\n<li><strong><strong>Deux jours avant l&rsquo;\u00e9v\u00e9nement Husky, nous envoyons un briefing (message texte) avec WhatsApp. <\/strong>Merci d&rsquo;installer WhatsApp sur ton t\u00e9l\u00e9phone portable.<\/strong><\/li>\n<li><strong><span style=\"color: #339966\"><a style=\"color: #339966\" href=\"https:\/\/www.youtube.com\/watch?v=FzrmvIJDxN4\">Comment arriver au point de rencontre<\/a><\/span><\/strong><\/li>\n<\/ul>\n<h5><i class=\"fas fa-circle-exclamation\"><\/i> Important<\/h5>\n<p>Seules les personnes ayant re\u00e7u une confirmation de r\u00e9servation peuvent participer \u00e0 l&rsquo;\u00e9v\u00e9nement et \u00eatre guid\u00e9es jusqu&rsquo;au Husky Square.<\/p>\n<h5><i class=\"fas fa-map-marked-alt\"><\/i> point de rencontre<\/h5>\n<p>Un guide husky vous attend au restaurant Trockener Steg. Merci d&rsquo;\u00eatre \u00e0 l&rsquo;heure. Il\/Elle vous guide vers les huskies.<\/p>\n<h5><i class=\"fas fa-clock\"><\/i> <strong>heure de r\u00e9servation<\/strong><\/h5>\n<p>L&rsquo;heure de r\u00e9servation est sujette \u00e0 changement. Seule la date de r\u00e9servation fait foi.<\/p>\n<h5><i class=\"fas fa-paw\"><\/i> Randonn\u00e9e sur le parcours et l&rsquo;\u00e9v\u00e9nement<\/h5>\n<p>L&rsquo;\u00e9v\u00e9nement dure une heure et demie avec la marche. La marche vers le circuit Husky dure 10 minutes en descente et 15 minutes en mont\u00e9e. Un sentier fait 950 m\u00e8tres de long. 80 m\u00e8tres de d\u00e9nivel\u00e9 sont \u00e0 franchir en descente et en mont\u00e9e. Sur le circuit, un, et si le nombre d&rsquo;inscriptions est suffisant (max. 12 pers.) par p\u00e9riode de r\u00e9servation et de bonnes conditions m\u00e9t\u00e9o, deux tra\u00eeneaux circulent simultan\u00e9ment sur le circuit, tir\u00e9s par 8 \u00e0 10 huskies. <b>Deux passagers par tra\u00eeneau.<\/b><\/p>\n<h5><i class=\"fas fa-child\"><\/i> enfants<\/h5>\n<p>Les enfants jusqu&rsquo;\u00e0 11 ans inclus b\u00e9n\u00e9ficient d&rsquo;une r\u00e9duction de CHF 35.00 sur le prix. Une pi\u00e8ce d&rsquo;identit\u00e9 officielle avec date de naissance est requise pour v\u00e9rification. Les enfants de moins de 12 ans peuvent monter sur la tra\u00eeneau avec un adulte.<\/p>\n<p><a href=\"https:\/\/huskyzermatt.ch\/fr\/offres\/#schlittenfahrten\">Toutes les informations sur le produit<\/a><\/p>\n<\/div><\/section>\n","protected":false},"excerpt":{"rendered":"<p><span style=\"color: #ff0000\">Chers clients et amis des animaux, la saison hivernale des huskies s&rsquo;est termin\u00e9e le 25 mars 2026. Nous acceptons volontiers les pr\u00e9-r\u00e9servations pour la saison hivernale de d\u00e9cembre 2026\/2027 par e-mail.<\/span><\/p>\n<p><span style=\"color: #ff0000\">Nous remercions chaleureusement tous ceux qui nous ont soutenus.<\/span><\/p>\n<p><span style=\"color: #ff0000\">Cordialement, l&rsquo;\u00e9quipe des huskies de Zermatt.<\/span><\/p>\n<p><em><strong>Aper\u00e7u des prix :<\/strong><\/em><\/p>\n<p><em>Les prix sont indiqu\u00e9s <strong>par personne.<\/strong> Les enfants jusqu&rsquo;\u00e0 11 ans b\u00e9n\u00e9ficient d&rsquo;une r\u00e9duction de CHF 35.00 sur le prix. Tous les enfants \u00e2g\u00e9s d&rsquo;au moins 7 ans peuvent participer.<\/em><\/p>\n<p><em>CHF <\/em><em>270.00 Dates : du 16\/12\/2025 au 19\/12\/2025 \/ du 11\/01\/2026 au 08\/02\/2026<\/em><\/p>\n<p><em>CHF\u00a0<\/em><em>320.00 Dates : du 20\/12\/2025 au 10\/01\/2026<\/em><\/p>\n<p><em>CHF\u00a0<\/em><em>275.00 Dates : du 9 f\u00e9vrier 2026 au 25.03.2026<\/em><\/p>\n<p><b><em>La modification d&rsquo;une r\u00e9servation est payante !<\/em><\/b><em> Co\u00fbt par modification : 80 CHF La faisabilit\u00e9 ne sera v\u00e9rifi\u00e9e qu&rsquo;apr\u00e8s le virement du montant. Si la modification n&rsquo;est pas possible, le montant <\/em><b><em>ne sera pas<\/em><\/b><em> rembours\u00e9.<\/em><\/p>\n","protected":false},"featured_media":50865,"template":"","meta":[],"product_brand":[],"product_cat":[40,49],"product_tag":[],"class_list":{"0":"post-50765","1":"product","2":"type-product","3":"status-publish","4":"has-post-thumbnail","6":"product_cat-husky-zermatt-fr","7":"product_cat-sledging-fr","9":"first","10":"instock","11":"virtual","12":"sold-individually","13":"taxable","14":"purchasable","15":"product-type-booking"},"booking_location":"","booking_location_type":"","booking_duration":90,"booking_duration_unit":"minute","booking_buffer":0,"booking_cost":0,"booking_resources":[],"yoast_head":"<!-- This site is optimized with the Yoast SEO plugin v27.3 - https:\/\/yoast.com\/product\/yoast-seo-wordpress\/ -->\n<title>Promenades en tra\u00eeneau Husky au pied du Cervin - Husky Zermatt<\/title>\n<meta name=\"robots\" content=\"index, follow, max-snippet:-1, max-image-preview:large, max-video-preview:-1\" \/>\n<link rel=\"canonical\" href=\"https:\/\/huskyzermatt.ch\/fr\/produkt\/balades-en-traineau-husky-au-pied-du-cervin\/\" \/>\n<meta property=\"og:locale\" content=\"fr_FR\" \/>\n<meta property=\"og:type\" content=\"article\" \/>\n<meta property=\"og:title\" content=\"Promenades en tra\u00eeneau Husky au pied du Cervin - Husky Zermatt\" \/>\n<meta property=\"og:description\" content=\"Chers clients et amis des animaux, la saison hivernale des huskies s&#039;est termin\u00e9e le 25 mars 2026. Nous acceptons volontiers les pr\u00e9-r\u00e9servations pour la saison hivernale de d\u00e9cembre 2026\/2027 par e-mail.  Nous remercions chaleureusement tous ceux qui nous ont soutenus.  Cordialement, l&#039;\u00e9quipe des huskies de Zermatt.  Aper\u00e7u des prix :  Les prix sont indiqu\u00e9s par personne. Les enfants jusqu&#039;\u00e0 11 ans b\u00e9n\u00e9ficient d&#039;une r\u00e9duction de CHF 35.00 sur le prix. Tous les enfants \u00e2g\u00e9s d&#039;au moins 7 ans peuvent participer.  CHF 270.00 Dates : du 16\/12\/2025 au 19\/12\/2025 \/ du 11\/01\/2026 au 08\/02\/2026  CHF\u00a0320.00 Dates : du 20\/12\/2025 au 10\/01\/2026  CHF\u00a0275.00 Dates : du 9 f\u00e9vrier 2026 au 25.03.2026  La modification d&#039;une r\u00e9servation est payante ! Co\u00fbt par modification : 80 CHF La faisabilit\u00e9 ne sera v\u00e9rifi\u00e9e qu&#039;apr\u00e8s le virement du montant. Si la modification n&#039;est pas possible, le montant ne sera pas rembours\u00e9.\" \/>\n<meta property=\"og:url\" content=\"https:\/\/huskyzermatt.ch\/fr\/produkt\/balades-en-traineau-husky-au-pied-du-cervin\/\" \/>\n<meta property=\"og:site_name\" content=\"Husky Zermatt\" \/>\n<meta property=\"article:publisher\" content=\"https:\/\/www.facebook.com\/huskyzermatt\" \/>\n<meta property=\"article:modified_time\" content=\"2026-03-25T17:12:06+00:00\" \/>\n<meta property=\"og:image\" content=\"https:\/\/huskyzermatt.ch\/wp-content\/uploads\/2020\/10\/DSC_9015-1030x687.jpg\" \/>\n\t<meta property=\"og:image:width\" content=\"1030\" \/>\n\t<meta property=\"og:image:height\" content=\"687\" \/>\n\t<meta property=\"og:image:type\" content=\"image\/jpeg\" \/>\n<meta name=\"twitter:card\" content=\"summary_large_image\" \/>\n<meta name=\"twitter:label1\" content=\"Dur\u00e9e de lecture estim\u00e9e\" \/>\n\t<meta name=\"twitter:data1\" content=\"2 minutes\" \/>\n<script type=\"application\/ld+json\" class=\"yoast-schema-graph\">{\"@context\":\"https:\\\/\\\/schema.org\",\"@graph\":[{\"@type\":\"WebPage\",\"@id\":\"https:\\\/\\\/huskyzermatt.ch\\\/fr\\\/produkt\\\/balades-en-traineau-husky-au-pied-du-cervin\\\/\",\"url\":\"https:\\\/\\\/huskyzermatt.ch\\\/fr\\\/produkt\\\/balades-en-traineau-husky-au-pied-du-cervin\\\/\",\"name\":\"Promenades en tra\u00eeneau Husky au pied du Cervin - Husky Zermatt\",\"isPartOf\":{\"@id\":\"https:\\\/\\\/huskyzermatt.ch\\\/fr\\\/#website\"},\"primaryImageOfPage\":{\"@id\":\"https:\\\/\\\/huskyzermatt.ch\\\/fr\\\/produkt\\\/balades-en-traineau-husky-au-pied-du-cervin\\\/#primaryimage\"},\"image\":{\"@id\":\"https:\\\/\\\/huskyzermatt.ch\\\/fr\\\/produkt\\\/balades-en-traineau-husky-au-pied-du-cervin\\\/#primaryimage\"},\"thumbnailUrl\":\"https:\\\/\\\/huskyzermatt.ch\\\/wp-content\\\/uploads\\\/2020\\\/10\\\/DSC_9015-scaled.jpg\",\"datePublished\":\"2021-07-22T00:17:19+00:00\",\"dateModified\":\"2026-03-25T17:12:06+00:00\",\"breadcrumb\":{\"@id\":\"https:\\\/\\\/huskyzermatt.ch\\\/fr\\\/produkt\\\/balades-en-traineau-husky-au-pied-du-cervin\\\/#breadcrumb\"},\"inLanguage\":\"fr-FR\",\"potentialAction\":[{\"@type\":\"ReadAction\",\"target\":[\"https:\\\/\\\/huskyzermatt.ch\\\/fr\\\/produkt\\\/balades-en-traineau-husky-au-pied-du-cervin\\\/\"]}]},{\"@type\":\"ImageObject\",\"inLanguage\":\"fr-FR\",\"@id\":\"https:\\\/\\\/huskyzermatt.ch\\\/fr\\\/produkt\\\/balades-en-traineau-husky-au-pied-du-cervin\\\/#primaryimage\",\"url\":\"https:\\\/\\\/huskyzermatt.ch\\\/wp-content\\\/uploads\\\/2020\\\/10\\\/DSC_9015-scaled.jpg\",\"contentUrl\":\"https:\\\/\\\/huskyzermatt.ch\\\/wp-content\\\/uploads\\\/2020\\\/10\\\/DSC_9015-scaled.jpg\",\"width\":2560,\"height\":1707},{\"@type\":\"BreadcrumbList\",\"@id\":\"https:\\\/\\\/huskyzermatt.ch\\\/fr\\\/produkt\\\/balades-en-traineau-husky-au-pied-du-cervin\\\/#breadcrumb\",\"itemListElement\":[{\"@type\":\"ListItem\",\"position\":1,\"name\":\"Home\",\"item\":\"https:\\\/\\\/huskyzermatt.ch\\\/fr\\\/\"},{\"@type\":\"ListItem\",\"position\":2,\"name\":\"R\u00e9servations et disponibilit\u00e9s\",\"item\":\"https:\\\/\\\/huskyzermatt.ch\\\/buchung\\\/\"},{\"@type\":\"ListItem\",\"position\":3,\"name\":\"Promenades en tra\u00eeneau Husky au pied du Cervin\"}]},{\"@type\":\"WebSite\",\"@id\":\"https:\\\/\\\/huskyzermatt.ch\\\/fr\\\/#website\",\"url\":\"https:\\\/\\\/huskyzermatt.ch\\\/fr\\\/\",\"name\":\"Husky Zermatt\",\"description\":\"\",\"publisher\":{\"@id\":\"https:\\\/\\\/huskyzermatt.ch\\\/fr\\\/#organization\"},\"potentialAction\":[{\"@type\":\"SearchAction\",\"target\":{\"@type\":\"EntryPoint\",\"urlTemplate\":\"https:\\\/\\\/huskyzermatt.ch\\\/fr\\\/?s={search_term_string}\"},\"query-input\":{\"@type\":\"PropertyValueSpecification\",\"valueRequired\":true,\"valueName\":\"search_term_string\"}}],\"inLanguage\":\"fr-FR\"},{\"@type\":\"Organization\",\"@id\":\"https:\\\/\\\/huskyzermatt.ch\\\/fr\\\/#organization\",\"name\":\"Husky Zermatt\",\"url\":\"https:\\\/\\\/huskyzermatt.ch\\\/fr\\\/\",\"logo\":{\"@type\":\"ImageObject\",\"inLanguage\":\"fr-FR\",\"@id\":\"https:\\\/\\\/huskyzermatt.ch\\\/fr\\\/#\\\/schema\\\/logo\\\/image\\\/\",\"url\":\"https:\\\/\\\/i0.wp.com\\\/huskyzermatt.ch\\\/wp-content\\\/uploads\\\/2019\\\/06\\\/husky-notransparent.jpg?fit=813%2C813&ssl=1\",\"contentUrl\":\"https:\\\/\\\/i0.wp.com\\\/huskyzermatt.ch\\\/wp-content\\\/uploads\\\/2019\\\/06\\\/husky-notransparent.jpg?fit=813%2C813&ssl=1\",\"width\":813,\"height\":813,\"caption\":\"Husky Zermatt\"},\"image\":{\"@id\":\"https:\\\/\\\/huskyzermatt.ch\\\/fr\\\/#\\\/schema\\\/logo\\\/image\\\/\"},\"sameAs\":[\"https:\\\/\\\/www.facebook.com\\\/huskyzermatt\",\"https:\\\/\\\/www.instagram.com\\\/huskyzermatt\\\/\"]}]}<\/script>\n<!-- \/ Yoast SEO plugin. -->","yoast_head_json":{"title":"Promenades en tra\u00eeneau Husky au pied du Cervin - Husky Zermatt","robots":{"index":"index","follow":"follow","max-snippet":"max-snippet:-1","max-image-preview":"max-image-preview:large","max-video-preview":"max-video-preview:-1"},"canonical":"https:\/\/huskyzermatt.ch\/fr\/produkt\/balades-en-traineau-husky-au-pied-du-cervin\/","og_locale":"fr_FR","og_type":"article","og_title":"Promenades en tra\u00eeneau Husky au pied du Cervin - Husky Zermatt","og_description":"Chers clients et amis des animaux, la saison hivernale des huskies s'est termin\u00e9e le 25 mars 2026. Nous acceptons volontiers les pr\u00e9-r\u00e9servations pour la saison hivernale de d\u00e9cembre 2026\/2027 par e-mail.  Nous remercions chaleureusement tous ceux qui nous ont soutenus.  Cordialement, l'\u00e9quipe des huskies de Zermatt.  Aper\u00e7u des prix :  Les prix sont indiqu\u00e9s par personne. Les enfants jusqu'\u00e0 11 ans b\u00e9n\u00e9ficient d'une r\u00e9duction de CHF 35.00 sur le prix. Tous les enfants \u00e2g\u00e9s d'au moins 7 ans peuvent participer.  CHF 270.00 Dates : du 16\/12\/2025 au 19\/12\/2025 \/ du 11\/01\/2026 au 08\/02\/2026  CHF\u00a0320.00 Dates : du 20\/12\/2025 au 10\/01\/2026  CHF\u00a0275.00 Dates : du 9 f\u00e9vrier 2026 au 25.03.2026  La modification d'une r\u00e9servation est payante ! Co\u00fbt par modification : 80 CHF La faisabilit\u00e9 ne sera v\u00e9rifi\u00e9e qu'apr\u00e8s le virement du montant. Si la modification n'est pas possible, le montant ne sera pas rembours\u00e9.","og_url":"https:\/\/huskyzermatt.ch\/fr\/produkt\/balades-en-traineau-husky-au-pied-du-cervin\/","og_site_name":"Husky Zermatt","article_publisher":"https:\/\/www.facebook.com\/huskyzermatt","article_modified_time":"2026-03-25T17:12:06+00:00","og_image":[{"width":1030,"height":687,"url":"https:\/\/huskyzermatt.ch\/wp-content\/uploads\/2020\/10\/DSC_9015-1030x687.jpg","type":"image\/jpeg"}],"twitter_card":"summary_large_image","twitter_misc":{"Dur\u00e9e de lecture estim\u00e9e":"2 minutes"},"schema":{"@context":"https:\/\/schema.org","@graph":[{"@type":"WebPage","@id":"https:\/\/huskyzermatt.ch\/fr\/produkt\/balades-en-traineau-husky-au-pied-du-cervin\/","url":"https:\/\/huskyzermatt.ch\/fr\/produkt\/balades-en-traineau-husky-au-pied-du-cervin\/","name":"Promenades en tra\u00eeneau Husky au pied du Cervin - Husky Zermatt","isPartOf":{"@id":"https:\/\/huskyzermatt.ch\/fr\/#website"},"primaryImageOfPage":{"@id":"https:\/\/huskyzermatt.ch\/fr\/produkt\/balades-en-traineau-husky-au-pied-du-cervin\/#primaryimage"},"image":{"@id":"https:\/\/huskyzermatt.ch\/fr\/produkt\/balades-en-traineau-husky-au-pied-du-cervin\/#primaryimage"},"thumbnailUrl":"https:\/\/huskyzermatt.ch\/wp-content\/uploads\/2020\/10\/DSC_9015-scaled.jpg","datePublished":"2021-07-22T00:17:19+00:00","dateModified":"2026-03-25T17:12:06+00:00","breadcrumb":{"@id":"https:\/\/huskyzermatt.ch\/fr\/produkt\/balades-en-traineau-husky-au-pied-du-cervin\/#breadcrumb"},"inLanguage":"fr-FR","potentialAction":[{"@type":"ReadAction","target":["https:\/\/huskyzermatt.ch\/fr\/produkt\/balades-en-traineau-husky-au-pied-du-cervin\/"]}]},{"@type":"ImageObject","inLanguage":"fr-FR","@id":"https:\/\/huskyzermatt.ch\/fr\/produkt\/balades-en-traineau-husky-au-pied-du-cervin\/#primaryimage","url":"https:\/\/huskyzermatt.ch\/wp-content\/uploads\/2020\/10\/DSC_9015-scaled.jpg","contentUrl":"https:\/\/huskyzermatt.ch\/wp-content\/uploads\/2020\/10\/DSC_9015-scaled.jpg","width":2560,"height":1707},{"@type":"BreadcrumbList","@id":"https:\/\/huskyzermatt.ch\/fr\/produkt\/balades-en-traineau-husky-au-pied-du-cervin\/#breadcrumb","itemListElement":[{"@type":"ListItem","position":1,"name":"Home","item":"https:\/\/huskyzermatt.ch\/fr\/"},{"@type":"ListItem","position":2,"name":"R\u00e9servations et disponibilit\u00e9s","item":"https:\/\/huskyzermatt.ch\/buchung\/"},{"@type":"ListItem","position":3,"name":"Promenades en tra\u00eeneau Husky au pied du Cervin"}]},{"@type":"WebSite","@id":"https:\/\/huskyzermatt.ch\/fr\/#website","url":"https:\/\/huskyzermatt.ch\/fr\/","name":"Husky Zermatt","description":"","publisher":{"@id":"https:\/\/huskyzermatt.ch\/fr\/#organization"},"potentialAction":[{"@type":"SearchAction","target":{"@type":"EntryPoint","urlTemplate":"https:\/\/huskyzermatt.ch\/fr\/?s={search_term_string}"},"query-input":{"@type":"PropertyValueSpecification","valueRequired":true,"valueName":"search_term_string"}}],"inLanguage":"fr-FR"},{"@type":"Organization","@id":"https:\/\/huskyzermatt.ch\/fr\/#organization","name":"Husky Zermatt","url":"https:\/\/huskyzermatt.ch\/fr\/","logo":{"@type":"ImageObject","inLanguage":"fr-FR","@id":"https:\/\/huskyzermatt.ch\/fr\/#\/schema\/logo\/image\/","url":"https:\/\/i0.wp.com\/huskyzermatt.ch\/wp-content\/uploads\/2019\/06\/husky-notransparent.jpg?fit=813%2C813&ssl=1","contentUrl":"https:\/\/i0.wp.com\/huskyzermatt.ch\/wp-content\/uploads\/2019\/06\/husky-notransparent.jpg?fit=813%2C813&ssl=1","width":813,"height":813,"caption":"Husky Zermatt"},"image":{"@id":"https:\/\/huskyzermatt.ch\/fr\/#\/schema\/logo\/image\/"},"sameAs":["https:\/\/www.facebook.com\/huskyzermatt","https:\/\/www.instagram.com\/huskyzermatt\/"]}]}},"_links":{"self":[{"href":"https:\/\/huskyzermatt.ch\/fr\/wp-json\/wp\/v2\/product\/50765","targetHints":{"allow":["GET"]}}],"collection":[{"href":"https:\/\/huskyzermatt.ch\/fr\/wp-json\/wp\/v2\/product"}],"about":[{"href":"https:\/\/huskyzermatt.ch\/fr\/wp-json\/wp\/v2\/types\/product"}],"wp:featuredmedia":[{"embeddable":true,"href":"https:\/\/huskyzermatt.ch\/fr\/wp-json\/wp\/v2\/media\/50865"}],"wp:attachment":[{"href":"https:\/\/huskyzermatt.ch\/fr\/wp-json\/wp\/v2\/media?parent=50765"}],"wp:term":[{"taxonomy":"product_brand","embeddable":true,"href":"https:\/\/huskyzermatt.ch\/fr\/wp-json\/wp\/v2\/product_brand?post=50765"},{"taxonomy":"product_cat","embeddable":true,"href":"https:\/\/huskyzermatt.ch\/fr\/wp-json\/wp\/v2\/product_cat?post=50765"},{"taxonomy":"product_tag","embeddable":true,"href":"https:\/\/huskyzermatt.ch\/fr\/wp-json\/wp\/v2\/product_tag?post=50765"}],"curies":[{"name":"wp","href":"https:\/\/api.w.org\/{rel}","templated":true}]}}